{"id":25092,"date":"2025-05-11T20:28:47","date_gmt":"2025-05-11T20:28:47","guid":{"rendered":"https:\/\/sevillazonafranca.com\/?page_id=25092"},"modified":"2025-05-12T06:07:54","modified_gmt":"2025-05-12T06:07:54","slug":"politica-de-cookies","status":"publish","type":"page","link":"https:\/\/sevillazonafranca.com\/index.php\/politica-de-cookies\/","title":{"rendered":"Pol\u00edtica de cookies"},"content":{"rendered":"<p>[et_pb_section fb_built=\u00bb1&#8243; _builder_version=\u00bb4.27.4&#8243; _module_preset=\u00bbdefault\u00bb global_colors_info=\u00bb{}\u00bb][et_pb_row _builder_version=\u00bb4.27.4&#8243; _module_preset=\u00bbdefault\u00bb global_colors_info=\u00bb{}\u00bb][et_pb_column type=\u00bb4_4&#8243; _builder_version=\u00bb4.27.4&#8243; _module_preset=\u00bbdefault\u00bb global_colors_info=\u00bb{}\u00bb][et_pb_heading title=\u00bbPol\u00edtica de cookies\u00bb _builder_version=\u00bb4.27.4&#8243; _module_preset=\u00bbdefault\u00bb global_colors_info=\u00bb{}\u00bb][\/et_pb_heading][et_pb_text _builder_version=\u00bb4.27.4&#8243; _module_preset=\u00bbdefault\u00bb global_colors_info=\u00bb{}\u00bb]<\/p>\n<p data-start=\"241\" data-end=\"349\" class=\"\"><strong data-start=\"267\" data-end=\"309\">Consorcio de la Zona Franca de Sevilla<\/strong><br data-start=\"309\" data-end=\"312\" \/>\u00daltima actualizaci\u00f3n: 11\/05\/2025<\/p>\n<p data-start=\"351\" data-end=\"724\" class=\"\">Este sitio web utiliza cookies para mejorar la experiencia de navegaci\u00f3n del Usuario, analizar el uso del sitio y ofrecer contenidos adaptados a sus intereses. Al acceder a <strong><a data-start=\"524\" data-end=\"549\" rel=\"noopener\" target=\"_new\" class=\"\" href=\"http:\/\/www.zonafrancasevilla.com\">www.sevillazonafranca.com<\/a><\/strong>, el Usuario consiente el uso de las cookies en las condiciones establecidas en esta pol\u00edtica, salvo que haya modificado la configuraci\u00f3n de su navegador para rechazar su uso.<\/p>\n<h4 data-start=\"726\" data-end=\"754\">1. \u00bfQu\u00e9 son las cookies?<\/h4>\n<p data-start=\"756\" data-end=\"1146\" class=\"\">Las cookies son peque\u00f1os archivos de texto que se descargan y almacenan en el dispositivo del Usuario (ordenador, smartphone, tableta, etc.) cuando visita determinadas p\u00e1ginas web. Permiten a la web recordar informaci\u00f3n sobre su visita, como el idioma preferido, opciones de navegaci\u00f3n o h\u00e1bitos de navegaci\u00f3n, lo que puede facilitar su pr\u00f3xima visita y hacer que el sitio resulte m\u00e1s \u00fatil.<\/p>\n<h4 data-start=\"1148\" data-end=\"1192\">2. Tipos de cookies que utiliza esta web<\/h4>\n<p data-start=\"1194\" data-end=\"1269\" class=\"\">En funci\u00f3n de su finalidad, esta web puede utilizar las siguientes cookies:<\/p>\n<ul data-start=\"1271\" data-end=\"2270\">\n<li data-start=\"1271\" data-end=\"1532\" class=\"\">\n<p data-start=\"1273\" data-end=\"1532\" class=\"\"><strong data-start=\"1273\" data-end=\"1294\">Cookies t\u00e9cnicas:<\/strong> Necesarias para la navegaci\u00f3n y el correcto funcionamiento del sitio web. Permiten, por ejemplo, controlar el tr\u00e1fico y la comunicaci\u00f3n de datos, identificar la sesi\u00f3n, acceder a partes restringidas, utilizar elementos de seguridad, etc.<\/p>\n<\/li>\n<li data-start=\"1534\" data-end=\"1735\" class=\"\">\n<p data-start=\"1536\" data-end=\"1735\" class=\"\"><strong data-start=\"1536\" data-end=\"1567\">Cookies de personalizaci\u00f3n:<\/strong> Permiten al Usuario acceder al servicio con algunas caracter\u00edsticas de car\u00e1cter general predefinidas, como el idioma, el tipo de navegador o la configuraci\u00f3n regional.<\/p>\n<\/li>\n<li data-start=\"1737\" data-end=\"1981\" class=\"\">\n<p data-start=\"1739\" data-end=\"1981\" class=\"\"><strong data-start=\"1739\" data-end=\"1763\">Cookies de an\u00e1lisis:<\/strong> Permiten el seguimiento y an\u00e1lisis del comportamiento de los usuarios en el sitio web. La informaci\u00f3n recogida se utiliza para medir la actividad del sitio y elaborar estad\u00edsticas de navegaci\u00f3n. Ej.: Google Analytics.<\/p>\n<\/li>\n<li data-start=\"1983\" data-end=\"2270\" class=\"\">\n<p data-start=\"1985\" data-end=\"2270\" class=\"\"><strong data-start=\"1985\" data-end=\"2009\">Cookies de terceros:<\/strong> Algunas funcionalidades de este sitio web pueden estar gestionadas por terceros (por ejemplo, redes sociales o servicios externos como Google Maps, YouTube o enlaces a medios de comunicaci\u00f3n). Estos servicios pueden instalar cookies desde sus propios dominios.<\/p>\n<\/li>\n<\/ul>\n<h4 data-start=\"2272\" data-end=\"2313\">3. Gesti\u00f3n y configuraci\u00f3n de cookies<\/h4>\n<p data-start=\"2315\" data-end=\"2455\" class=\"\">El Usuario puede permitir, bloquear o eliminar las cookies instaladas en su dispositivo mediante la configuraci\u00f3n del navegador que utilice:<\/p>\n<ul data-start=\"2457\" data-end=\"2748\">\n<li data-start=\"2457\" data-end=\"2552\" class=\"\">\n<p data-start=\"2459\" data-end=\"2552\" class=\"\"><strong data-start=\"2459\" data-end=\"2476\">Google Chrome<\/strong>: Configuraci\u00f3n &gt; Privacidad y seguridad &gt; Cookies y otros datos de sitios<\/p>\n<\/li>\n<li data-start=\"2553\" data-end=\"2639\" class=\"\">\n<p data-start=\"2555\" data-end=\"2639\" class=\"\"><strong data-start=\"2555\" data-end=\"2574\">Mozilla Firefox<\/strong>: Opciones &gt; Privacidad y seguridad &gt; Cookies y datos del sitio<\/p>\n<\/li>\n<li data-start=\"2640\" data-end=\"2681\" class=\"\">\n<p data-start=\"2642\" data-end=\"2681\" class=\"\"><strong data-start=\"2642\" data-end=\"2652\">Safari<\/strong>: Preferencias &gt; Privacidad<\/p>\n<\/li>\n<li data-start=\"2682\" data-end=\"2748\" class=\"\">\n<p data-start=\"2684\" data-end=\"2748\" class=\"\"><strong data-start=\"2684\" data-end=\"2702\">Microsoft Edge<\/strong>: Configuraci\u00f3n &gt; Cookies y permisos del sitio<\/p>\n<\/li>\n<\/ul>\n<p data-start=\"2750\" data-end=\"2865\" class=\"\">La desactivaci\u00f3n de algunas cookies puede afectar el funcionamiento de la web o limitar la experiencia del Usuario.<\/p>\n<p><!--<\/p>\n\n\n\n\n<h4 data-start=\"2867\" data-end=\"2906\" class=\"\">4. Cookies utilizadas en este sitio<\/h4>\n\n\n\n\n<p data-start=\"2908\" data-end=\"3077\" class=\"\">A continuaci\u00f3n se identifican las cookies utilizadas en este sitio web, su titular, su duraci\u00f3n y su finalidad (este listado puede variar seg\u00fan el desarrollo del sitio):<\/p>\n\n\n\n\n<div class=\"_tableContainer_16hzy_1\">\n\n\n<div class=\"_tableWrapper_16hzy_14 group flex w-fit flex-col-reverse\" tabindex=\"-1\">\n\n\n<table data-start=\"3079\" data-end=\"3472\" class=\"w-fit min-w-(--thread-content-width)\">\n\n\n<thead data-start=\"3079\" data-end=\"3142\">\n\n\n<tr data-start=\"3079\" data-end=\"3142\">\n\n\n<th data-start=\"3079\" data-end=\"3101\" data-col-size=\"sm\">Nombre de la cookie<\/th>\n\n\n\n\n<th data-start=\"3101\" data-end=\"3108\" data-col-size=\"sm\">Tipo<\/th>\n\n\n\n\n<th data-start=\"3108\" data-end=\"3120\" data-col-size=\"md\">Finalidad<\/th>\n\n\n\n\n<th data-start=\"3120\" data-end=\"3130\" data-col-size=\"sm\">Titular<\/th>\n\n\n\n\n<th data-start=\"3130\" data-end=\"3142\" data-col-size=\"sm\">Duraci\u00f3n<\/th>\n\n\n<\/tr>\n\n\n<\/thead>\n\n\n\n\n<tbody data-start=\"3207\" data-end=\"3472\">\n\n\n<tr data-start=\"3207\" data-end=\"3305\">\n\n\n<td data-start=\"3207\" data-end=\"3228\" data-col-size=\"sm\">_ga<\/td>\n\n\n\n\n<td data-start=\"3228\" data-end=\"3240\" data-col-size=\"sm\">Anal\u00edtica<\/td>\n\n\n\n\n<td data-start=\"3240\" data-end=\"3286\" data-col-size=\"md\">Analiza el tr\u00e1fico web con Google Analytics<\/td>\n\n\n\n\n<td data-col-size=\"sm\" data-start=\"3286\" data-end=\"3295\">Google<\/td>\n\n\n\n\n<td data-col-size=\"sm\" data-start=\"3295\" data-end=\"3305\">2 a\u00f1os<\/td>\n\n\n<\/tr>\n\n\n\n\n<tr data-start=\"3306\" data-end=\"3382\">\n\n\n<td data-start=\"3306\" data-end=\"3327\" data-col-size=\"sm\">_gid<\/td>\n\n\n\n\n<td data-start=\"3327\" data-end=\"3339\" data-col-size=\"sm\">Anal\u00edtica<\/td>\n\n\n\n\n<td data-start=\"3339\" data-end=\"3361\" data-col-size=\"md\">Diferencia usuarios<\/td>\n\n\n\n\n<td data-col-size=\"sm\" data-start=\"3361\" data-end=\"3370\">Google<\/td>\n\n\n\n\n<td data-col-size=\"sm\" data-start=\"3370\" data-end=\"3382\">24 horas<\/td>\n\n\n<\/tr>\n\n\n\n\n<tr data-start=\"3383\" data-end=\"3472\">\n\n\n<td data-start=\"3383\" data-end=\"3408\" data-col-size=\"sm\">cookie_notice_accepted<\/td>\n\n\n\n\n<td data-start=\"3408\" data-end=\"3418\" data-col-size=\"sm\">T\u00e9cnica<\/td>\n\n\n\n\n<td data-start=\"3418\" data-end=\"3454\" data-col-size=\"md\">Almacena la aceptaci\u00f3n de cookies<\/td>\n\n\n\n\n<td data-start=\"3454\" data-end=\"3463\" data-col-size=\"sm\">Propia<\/td>\n\n\n\n\n<td data-start=\"3463\" data-end=\"3472\" data-col-size=\"sm\">1 a\u00f1o<\/td>\n\n\n<\/tr>\n\n\n<\/tbody>\n\n\n<\/table>\n\n\n\n\n<div class=\"sticky end-(--thread-content-margin) h-0 self-end select-none\"><\/div>\n\n\n<\/div>\n\n\n<\/div>\n\n\n\n\n<p>--><\/p>\n<p data-start=\"3474\" data-end=\"3561\" class=\"\">\n<h4 data-start=\"3563\" data-end=\"3609\" class=\"\">4. Actualizaci\u00f3n de la pol\u00edtica de cookies<\/h4>\n<p data-start=\"3611\" data-end=\"3816\" class=\"\">La presente pol\u00edtica puede ser actualizada para reflejar cambios en las cookies utilizadas, en funci\u00f3n de cambios legislativos o t\u00e9cnicos. Se recomienda al Usuario revisar esta pol\u00edtica de forma peri\u00f3dica.<\/p>\n<p>[\/et_pb_text][\/et_pb_column][\/et_pb_row][\/et_pb_section]<\/p>\n","protected":false},"excerpt":{"rendered":"<p>Consorcio de la Zona Franca de Sevilla\u00daltima actualizaci\u00f3n: 11\/05\/2025 Este sitio web utiliza cookies para mejorar la experiencia de navegaci\u00f3n del Usuario, analizar el uso del sitio y ofrecer contenidos adaptados a sus intereses. Al acceder a www.sevillazonafranca.com, el Usuario consiente el uso de las cookies en las condiciones establecidas en esta pol\u00edtica, salvo que [&hellip;]<\/p>\n","protected":false},"author":1,"featured_media":0,"parent":0,"menu_order":0,"comment_status":"closed","ping_status":"closed","template":"","meta":{"_et_pb_use_builder":"on","_et_pb_old_content":"","_et_gb_content_width":"","footnotes":""},"class_list":["post-25092","page","type-page","status-publish","hentry"],"yoast_head":"<!-- This site is optimized with the Yoast SEO plugin v27.3 - https:\/\/yoast.com\/product\/yoast-seo-wordpress\/ -->\n<title>Pol\u00edtica de cookies - Zona Franca Sevilla<\/title>\n<meta name=\"robots\" content=\"index, follow, max-snippet:-1, max-image-preview:large, max-video-preview:-1\" \/>\n<link rel=\"canonical\" href=\"https:\/\/sevillazonafranca.com\/index.php\/politica-de-cookies\/\" \/>\n<meta property=\"og:locale\" content=\"es_ES\" \/>\n<meta property=\"og:type\" content=\"article\" \/>\n<meta property=\"og:title\" content=\"Pol\u00edtica de cookies - Zona Franca Sevilla\" \/>\n<meta property=\"og:description\" content=\"Consorcio de la Zona Franca de Sevilla\u00daltima actualizaci\u00f3n: 11\/05\/2025 Este sitio web utiliza cookies para mejorar la experiencia de navegaci\u00f3n del Usuario, analizar el uso del sitio y ofrecer contenidos adaptados a sus intereses. Al acceder a www.sevillazonafranca.com, el Usuario consiente el uso de las cookies en las condiciones establecidas en esta pol\u00edtica, salvo que [&hellip;]\" \/>\n<meta property=\"og:url\" content=\"https:\/\/sevillazonafranca.com\/index.php\/politica-de-cookies\/\" \/>\n<meta property=\"og:site_name\" content=\"Zona Franca Sevilla\" \/>\n<meta property=\"article:modified_time\" content=\"2025-05-12T06:07:54+00:00\" \/>\n<meta property=\"og:image\" content=\"https:\/\/sevillazonafranca.com\/wp-content\/uploads\/2025\/05\/zonafranca-thumb.jpg\" \/>\n\t<meta property=\"og:image:width\" content=\"800\" \/>\n\t<meta property=\"og:image:height\" content=\"800\" \/>\n\t<meta property=\"og:image:type\" content=\"image\/jpeg\" \/>\n<meta name=\"twitter:card\" content=\"summary_large_image\" \/>\n<meta name=\"twitter:site\" content=\"@SevillaZF\" \/>\n<script type=\"application\/ld+json\" class=\"yoast-schema-graph\">{\"@context\":\"https:\\\/\\\/schema.org\",\"@graph\":[{\"@type\":\"WebPage\",\"@id\":\"https:\\\/\\\/sevillazonafranca.com\\\/index.php\\\/politica-de-cookies\\\/\",\"url\":\"https:\\\/\\\/sevillazonafranca.com\\\/index.php\\\/politica-de-cookies\\\/\",\"name\":\"Pol\u00edtica de cookies - Zona Franca Sevilla\",\"isPartOf\":{\"@id\":\"https:\\\/\\\/sevillazonafranca.com\\\/#website\"},\"datePublished\":\"2025-05-11T20:28:47+00:00\",\"dateModified\":\"2025-05-12T06:07:54+00:00\",\"breadcrumb\":{\"@id\":\"https:\\\/\\\/sevillazonafranca.com\\\/index.php\\\/politica-de-cookies\\\/#breadcrumb\"},\"inLanguage\":\"es\",\"potentialAction\":[{\"@type\":\"ReadAction\",\"target\":[\"https:\\\/\\\/sevillazonafranca.com\\\/index.php\\\/politica-de-cookies\\\/\"]}]},{\"@type\":\"BreadcrumbList\",\"@id\":\"https:\\\/\\\/sevillazonafranca.com\\\/index.php\\\/politica-de-cookies\\\/#breadcrumb\",\"itemListElement\":[{\"@type\":\"ListItem\",\"position\":1,\"name\":\"Portada\",\"item\":\"https:\\\/\\\/sevillazonafranca.com\\\/\"},{\"@type\":\"ListItem\",\"position\":2,\"name\":\"Pol\u00edtica de cookies\"}]},{\"@type\":\"WebSite\",\"@id\":\"https:\\\/\\\/sevillazonafranca.com\\\/#website\",\"url\":\"https:\\\/\\\/sevillazonafranca.com\\\/\",\"name\":\"Zona Franca Sevilla\",\"description\":\"Web oficial de la Zona Franca de Sevilla. Impulsamos el desarrollo industrial y econ\u00f3mico de Sevilla y su territorio metropolitano.\",\"publisher\":{\"@id\":\"https:\\\/\\\/sevillazonafranca.com\\\/#organization\"},\"potentialAction\":[{\"@type\":\"SearchAction\",\"target\":{\"@type\":\"EntryPoint\",\"urlTemplate\":\"https:\\\/\\\/sevillazonafranca.com\\\/?s={search_term_string}\"},\"query-input\":{\"@type\":\"PropertyValueSpecification\",\"valueRequired\":true,\"valueName\":\"search_term_string\"}}],\"inLanguage\":\"es\"},{\"@type\":\"Organization\",\"@id\":\"https:\\\/\\\/sevillazonafranca.com\\\/#organization\",\"name\":\"Zona Franca Sevilla\",\"url\":\"https:\\\/\\\/sevillazonafranca.com\\\/\",\"logo\":{\"@type\":\"ImageObject\",\"inLanguage\":\"es\",\"@id\":\"https:\\\/\\\/sevillazonafranca.com\\\/#\\\/schema\\\/logo\\\/image\\\/\",\"url\":\"https:\\\/\\\/sevillazonafranca.com\\\/wp-content\\\/uploads\\\/2025\\\/04\\\/zonafrancasevilla-h-01.png\",\"contentUrl\":\"https:\\\/\\\/sevillazonafranca.com\\\/wp-content\\\/uploads\\\/2025\\\/04\\\/zonafrancasevilla-h-01.png\",\"width\":1000,\"height\":239,\"caption\":\"Zona Franca Sevilla\"},\"image\":{\"@id\":\"https:\\\/\\\/sevillazonafranca.com\\\/#\\\/schema\\\/logo\\\/image\\\/\"},\"sameAs\":[\"https:\\\/\\\/x.com\\\/SevillaZF\",\"https:\\\/\\\/www.instagram.com\\\/zonafrancasevilla\\\/\",\"http:\\\/\\\/linkedin.com\\\/company\\\/zona-franca-sevilla\"]}]}<\/script>\n<!-- \/ Yoast SEO plugin. -->","yoast_head_json":{"title":"Pol\u00edtica de cookies - Zona Franca Sevilla","robots":{"index":"index","follow":"follow","max-snippet":"max-snippet:-1","max-image-preview":"max-image-preview:large","max-video-preview":"max-video-preview:-1"},"canonical":"https:\/\/sevillazonafranca.com\/index.php\/politica-de-cookies\/","og_locale":"es_ES","og_type":"article","og_title":"Pol\u00edtica de cookies - Zona Franca Sevilla","og_description":"Consorcio de la Zona Franca de Sevilla\u00daltima actualizaci\u00f3n: 11\/05\/2025 Este sitio web utiliza cookies para mejorar la experiencia de navegaci\u00f3n del Usuario, analizar el uso del sitio y ofrecer contenidos adaptados a sus intereses. Al acceder a www.sevillazonafranca.com, el Usuario consiente el uso de las cookies en las condiciones establecidas en esta pol\u00edtica, salvo que [&hellip;]","og_url":"https:\/\/sevillazonafranca.com\/index.php\/politica-de-cookies\/","og_site_name":"Zona Franca Sevilla","article_modified_time":"2025-05-12T06:07:54+00:00","og_image":[{"width":800,"height":800,"url":"https:\/\/sevillazonafranca.com\/wp-content\/uploads\/2025\/05\/zonafranca-thumb.jpg","type":"image\/jpeg"}],"twitter_card":"summary_large_image","twitter_site":"@SevillaZF","schema":{"@context":"https:\/\/schema.org","@graph":[{"@type":"WebPage","@id":"https:\/\/sevillazonafranca.com\/index.php\/politica-de-cookies\/","url":"https:\/\/sevillazonafranca.com\/index.php\/politica-de-cookies\/","name":"Pol\u00edtica de cookies - Zona Franca Sevilla","isPartOf":{"@id":"https:\/\/sevillazonafranca.com\/#website"},"datePublished":"2025-05-11T20:28:47+00:00","dateModified":"2025-05-12T06:07:54+00:00","breadcrumb":{"@id":"https:\/\/sevillazonafranca.com\/index.php\/politica-de-cookies\/#breadcrumb"},"inLanguage":"es","potentialAction":[{"@type":"ReadAction","target":["https:\/\/sevillazonafranca.com\/index.php\/politica-de-cookies\/"]}]},{"@type":"BreadcrumbList","@id":"https:\/\/sevillazonafranca.com\/index.php\/politica-de-cookies\/#breadcrumb","itemListElement":[{"@type":"ListItem","position":1,"name":"Portada","item":"https:\/\/sevillazonafranca.com\/"},{"@type":"ListItem","position":2,"name":"Pol\u00edtica de cookies"}]},{"@type":"WebSite","@id":"https:\/\/sevillazonafranca.com\/#website","url":"https:\/\/sevillazonafranca.com\/","name":"Zona Franca Sevilla","description":"Web oficial de la Zona Franca de Sevilla. Impulsamos el desarrollo industrial y econ\u00f3mico de Sevilla y su territorio metropolitano.","publisher":{"@id":"https:\/\/sevillazonafranca.com\/#organization"},"potentialAction":[{"@type":"SearchAction","target":{"@type":"EntryPoint","urlTemplate":"https:\/\/sevillazonafranca.com\/?s={search_term_string}"},"query-input":{"@type":"PropertyValueSpecification","valueRequired":true,"valueName":"search_term_string"}}],"inLanguage":"es"},{"@type":"Organization","@id":"https:\/\/sevillazonafranca.com\/#organization","name":"Zona Franca Sevilla","url":"https:\/\/sevillazonafranca.com\/","logo":{"@type":"ImageObject","inLanguage":"es","@id":"https:\/\/sevillazonafranca.com\/#\/schema\/logo\/image\/","url":"https:\/\/sevillazonafranca.com\/wp-content\/uploads\/2025\/04\/zonafrancasevilla-h-01.png","contentUrl":"https:\/\/sevillazonafranca.com\/wp-content\/uploads\/2025\/04\/zonafrancasevilla-h-01.png","width":1000,"height":239,"caption":"Zona Franca Sevilla"},"image":{"@id":"https:\/\/sevillazonafranca.com\/#\/schema\/logo\/image\/"},"sameAs":["https:\/\/x.com\/SevillaZF","https:\/\/www.instagram.com\/zonafrancasevilla\/","http:\/\/linkedin.com\/company\/zona-franca-sevilla"]}]}},"_links":{"self":[{"href":"https:\/\/sevillazonafranca.com\/index.php\/wp-json\/wp\/v2\/pages\/25092","targetHints":{"allow":["GET"]}}],"collection":[{"href":"https:\/\/sevillazonafranca.com\/index.php\/wp-json\/wp\/v2\/pages"}],"about":[{"href":"https:\/\/sevillazonafranca.com\/index.php\/wp-json\/wp\/v2\/types\/page"}],"author":[{"embeddable":true,"href":"https:\/\/sevillazonafranca.com\/index.php\/wp-json\/wp\/v2\/users\/1"}],"replies":[{"embeddable":true,"href":"https:\/\/sevillazonafranca.com\/index.php\/wp-json\/wp\/v2\/comments?post=25092"}],"version-history":[{"count":3,"href":"https:\/\/sevillazonafranca.com\/index.php\/wp-json\/wp\/v2\/pages\/25092\/revisions"}],"predecessor-version":[{"id":25122,"href":"https:\/\/sevillazonafranca.com\/index.php\/wp-json\/wp\/v2\/pages\/25092\/revisions\/25122"}],"wp:attachment":[{"href":"https:\/\/sevillazonafranca.com\/index.php\/wp-json\/wp\/v2\/media?parent=25092"}],"curies":[{"name":"wp","href":"https:\/\/api.w.org\/{rel}","templated":true}]}}