{"id":25577,"date":"2026-01-07T00:43:39","date_gmt":"2026-01-06T23:43:39","guid":{"rendered":"https:\/\/sevillazonafranca.com\/?page_id=25577"},"modified":"2026-01-07T00:47:27","modified_gmt":"2026-01-06T23:47:27","slug":"25577-2","status":"publish","type":"page","link":"https:\/\/sevillazonafranca.com\/index.php\/25577-2\/","title":{"rendered":"Ventajas y oportunidades"},"content":{"rendered":"<p>[et_pb_section fb_built=\u00bb1&#8243; admin_label=\u00bbHeader\u00bb _builder_version=\u00bb4.27.4&#8243; background_image=\u00bbhttps:\/\/sevillazonafranca.com\/wp-content\/uploads\/2025\/04\/fondo-contenido.png\u00bb background_size=\u00bbcustom\u00bb background_image_width=\u00bb2%\u00bb background_position=\u00bbtop_left\u00bb background_repeat=\u00bbrepeat-x\u00bb custom_margin=\u00bb||0px||false|false\u00bb custom_padding=\u00bb||30px||false|false\u00bb collapsed=\u00bbon\u00bb global_colors_info=\u00bb{}\u00bb global_module=\u00bb25579&#8243; theme_builder_area=\u00bbpost_content\u00bb][et_pb_row _builder_version=\u00bb4.27.4&#8243; custom_padding=\u00bb||0px||false|false\u00bb global_colors_info=\u00bb{}\u00bb theme_builder_area=\u00bbpost_content\u00bb][et_pb_column type=\u00bb4_4&#8243; _builder_version=\u00bb4.16&#8243; global_colors_info=\u00bb{}\u00bb theme_builder_area=\u00bbpost_content\u00bb][et_pb_heading title=\u00bbVentajas y oportunidades\u00bb _builder_version=\u00bb4.27.0&#8243; _module_preset=\u00bb2d8fd352-5b99-42e4-b741-77c2bfaa4df8&#8243; global_colors_info=\u00bb{}\u00bb theme_builder_area=\u00bbpost_content\u00bb][\/et_pb_heading][\/et_pb_column][\/et_pb_row][et_pb_row _builder_version=\u00bb4.27.4&#8243; custom_padding=\u00bb||0px||false|false\u00bb global_colors_info=\u00bb{}\u00bb theme_builder_area=\u00bbpost_content\u00bb][et_pb_column type=\u00bb4_4&#8243; _builder_version=\u00bb4.16&#8243; global_colors_info=\u00bb{}\u00bb theme_builder_area=\u00bbpost_content\u00bb][et_pb_heading title=\u00bbUn espacio para la competitividad\u00bb _builder_version=\u00bb4.27.4&#8243; _module_preset=\u00bbeeb21040-1152-4e66-a7ed-ea6406e4881e\u00bb z_index=\u00bb2&#8243; custom_margin=\u00bb||0px||false|false\u00bb global_colors_info=\u00bb{}\u00bb theme_builder_area=\u00bbpost_content\u00bb][\/et_pb_heading][et_pb_text _builder_version=\u00bb4.27.4&#8243; _module_preset=\u00bbd7da262b-616b-4620-ae40-7c2380529db8&#8243; text_font=\u00bb&#8211;et_global_body_font|600|||||||\u00bb global_colors_info=\u00bb{}\u00bb theme_builder_area=\u00bbpost_content\u00bb]<\/p>\n<p class=\"p1\"><strong>El r\u00e9gimen fiscal y aduanero especial de la Zona Franca de Sevilla (ZFS) la convierte en un enclave estrat\u00e9gico, un espacio singular de competitividad para las empresas.<\/strong><\/p>\n<p class=\"p1\">Las zonas francas son espacios aduaneros con un r\u00e9gimen especial que permite la entrada y permanencia de mercanc\u00edas sin l\u00edmite de tiempo. Bajo este marco, las mercanc\u00edas se consideran fuera del territorio aduanero de la Uni\u00f3n Europea y disfrutan de ventajas como la exenci\u00f3n de derechos de importaci\u00f3n, de impuestos interiores y de las medidas de pol\u00edtica comercial.<\/p>\n<p class=\"p1\">La ZFS forma parte del territorio nacional de Espa\u00f1a, pero bajo un r\u00e9gimen aduanero especial que considera las mercanc\u00edas como si estuvieran fuera del territorio aduanero de la UE. Por tanto, no est\u00e1n sujetas a derechos de importaci\u00f3n ni a la aplicaci\u00f3n de medidas de pol\u00edtica comercial.<\/p>\n<p class=\"p1\">Da el primer paso y ac\u00e9rcate a la Zona Franca de Sevilla cumplimentando la Carta de Compromiso para ser operador en nuestro espacio sin fronteras: <strong>el espacio donde la competitividad se convierte en oportunidad.<\/strong><\/p>\n<p>[\/et_pb_text][\/et_pb_column][\/et_pb_row][et_pb_row _builder_version=\u00bb4.27.4&#8243; _module_preset=\u00bbdefault\u00bb theme_builder_area=\u00bbpost_content\u00bb][et_pb_column _builder_version=\u00bb4.27.4&#8243; _module_preset=\u00bbdefault\u00bb type=\u00bb4_4&#8243; theme_builder_area=\u00bbpost_content\u00bb][et_pb_button button_text=\u00bbDESCARGAR SOLICITUD DE CARTA DE COMPROMISO PARA INSTALACI\u00d3N COMO OPERADOR EN ESPACIOS DE LA ZONA FRANCA DE SEVILLA\u00bb _builder_version=\u00bb4.27.4&#8243; _module_preset=\u00bbdefault\u00bb theme_builder_area=\u00bbpost_content\u00bb button_text_size=\u00bb16px\u00bb button_border_radius=\u00bb50px\u00bb custom_css_free_form=\u00bbselector {||  max-width: 600px;||  margin: 0 auto;||  line-height: 1.2!important;||}||\u00bb hover_enabled=\u00bb0&#8243; sticky_enabled=\u00bb0&#8243; button_alignment=\u00bbcenter\u00bb button_use_icon=\u00bboff\u00bb custom_padding=\u00bb20px|50px|18px|50px|false|true\u00bb button_url=\u00bbhttps:\/\/sevillazonafranca.com\/wp-content\/uploads\/2026\/01\/SOLICITUD-CARTA-DE-COMPROMISO-ZONA-FRANCA-SEVILLA.pdf\u00bb url_new_window=\u00bbon\u00bb][\/et_pb_button][\/et_pb_column][\/et_pb_row][\/et_pb_section]<\/p>\n","protected":false},"excerpt":{"rendered":"<p>Da el primer paso y ac\u00e9rcate a la Zona Franca de Sevilla cumplimentando la Carta de Compromiso para ser operador en nuestro espacio sin fronteras: el espacio donde la competitividad se convierte en oportunidad.<\/p>\n","protected":false},"author":1,"featured_media":0,"parent":0,"menu_order":0,"comment_status":"closed","ping_status":"closed","template":"","meta":{"_et_pb_use_builder":"on","_et_pb_old_content":"","_et_gb_content_width":"","footnotes":""},"class_list":["post-25577","page","type-page","status-publish","hentry"],"yoast_head":"<!-- This site is optimized with the Yoast SEO plugin v27.3 - https:\/\/yoast.com\/product\/yoast-seo-wordpress\/ -->\n<title>Ventajas y oportunidades - Zona Franca Sevilla<\/title>\n<meta name=\"robots\" content=\"index, follow, max-snippet:-1, max-image-preview:large, max-video-preview:-1\" \/>\n<link rel=\"canonical\" href=\"https:\/\/sevillazonafranca.com\/index.php\/25577-2\/\" \/>\n<meta property=\"og:locale\" content=\"es_ES\" \/>\n<meta property=\"og:type\" content=\"article\" \/>\n<meta property=\"og:title\" content=\"Ventajas y oportunidades - Zona Franca Sevilla\" \/>\n<meta property=\"og:description\" content=\"Da el primer paso y ac\u00e9rcate a la Zona Franca de Sevilla cumplimentando la Carta de Compromiso para ser operador en nuestro espacio sin fronteras: el espacio donde la competitividad se convierte en oportunidad.\" \/>\n<meta property=\"og:url\" content=\"https:\/\/sevillazonafranca.com\/index.php\/25577-2\/\" \/>\n<meta property=\"og:site_name\" content=\"Zona Franca Sevilla\" \/>\n<meta property=\"article:modified_time\" content=\"2026-01-06T23:47:27+00:00\" \/>\n<meta property=\"og:image\" content=\"https:\/\/sevillazonafranca.com\/wp-content\/uploads\/2025\/05\/zonafranca-thumb.jpg\" \/>\n\t<meta property=\"og:image:width\" content=\"800\" \/>\n\t<meta property=\"og:image:height\" content=\"800\" \/>\n\t<meta property=\"og:image:type\" content=\"image\/jpeg\" \/>\n<meta name=\"twitter:card\" content=\"summary_large_image\" \/>\n<meta name=\"twitter:site\" content=\"@SevillaZF\" \/>\n<script type=\"application\/ld+json\" class=\"yoast-schema-graph\">{\"@context\":\"https:\\\/\\\/schema.org\",\"@graph\":[{\"@type\":\"WebPage\",\"@id\":\"https:\\\/\\\/sevillazonafranca.com\\\/index.php\\\/25577-2\\\/\",\"url\":\"https:\\\/\\\/sevillazonafranca.com\\\/index.php\\\/25577-2\\\/\",\"name\":\"Ventajas y oportunidades - Zona Franca Sevilla\",\"isPartOf\":{\"@id\":\"https:\\\/\\\/sevillazonafranca.com\\\/#website\"},\"datePublished\":\"2026-01-06T23:43:39+00:00\",\"dateModified\":\"2026-01-06T23:47:27+00:00\",\"breadcrumb\":{\"@id\":\"https:\\\/\\\/sevillazonafranca.com\\\/index.php\\\/25577-2\\\/#breadcrumb\"},\"inLanguage\":\"es\",\"potentialAction\":[{\"@type\":\"ReadAction\",\"target\":[\"https:\\\/\\\/sevillazonafranca.com\\\/index.php\\\/25577-2\\\/\"]}]},{\"@type\":\"BreadcrumbList\",\"@id\":\"https:\\\/\\\/sevillazonafranca.com\\\/index.php\\\/25577-2\\\/#breadcrumb\",\"itemListElement\":[{\"@type\":\"ListItem\",\"position\":1,\"name\":\"Portada\",\"item\":\"https:\\\/\\\/sevillazonafranca.com\\\/\"},{\"@type\":\"ListItem\",\"position\":2,\"name\":\"Ventajas y oportunidades\"}]},{\"@type\":\"WebSite\",\"@id\":\"https:\\\/\\\/sevillazonafranca.com\\\/#website\",\"url\":\"https:\\\/\\\/sevillazonafranca.com\\\/\",\"name\":\"Zona Franca Sevilla\",\"description\":\"Web oficial de la Zona Franca de Sevilla. Impulsamos el desarrollo industrial y econ\u00f3mico de Sevilla y su territorio metropolitano.\",\"publisher\":{\"@id\":\"https:\\\/\\\/sevillazonafranca.com\\\/#organization\"},\"potentialAction\":[{\"@type\":\"SearchAction\",\"target\":{\"@type\":\"EntryPoint\",\"urlTemplate\":\"https:\\\/\\\/sevillazonafranca.com\\\/?s={search_term_string}\"},\"query-input\":{\"@type\":\"PropertyValueSpecification\",\"valueRequired\":true,\"valueName\":\"search_term_string\"}}],\"inLanguage\":\"es\"},{\"@type\":\"Organization\",\"@id\":\"https:\\\/\\\/sevillazonafranca.com\\\/#organization\",\"name\":\"Zona Franca Sevilla\",\"url\":\"https:\\\/\\\/sevillazonafranca.com\\\/\",\"logo\":{\"@type\":\"ImageObject\",\"inLanguage\":\"es\",\"@id\":\"https:\\\/\\\/sevillazonafranca.com\\\/#\\\/schema\\\/logo\\\/image\\\/\",\"url\":\"https:\\\/\\\/sevillazonafranca.com\\\/wp-content\\\/uploads\\\/2025\\\/04\\\/zonafrancasevilla-h-01.png\",\"contentUrl\":\"https:\\\/\\\/sevillazonafranca.com\\\/wp-content\\\/uploads\\\/2025\\\/04\\\/zonafrancasevilla-h-01.png\",\"width\":1000,\"height\":239,\"caption\":\"Zona Franca Sevilla\"},\"image\":{\"@id\":\"https:\\\/\\\/sevillazonafranca.com\\\/#\\\/schema\\\/logo\\\/image\\\/\"},\"sameAs\":[\"https:\\\/\\\/x.com\\\/SevillaZF\",\"https:\\\/\\\/www.instagram.com\\\/zonafrancasevilla\\\/\",\"http:\\\/\\\/linkedin.com\\\/company\\\/zona-franca-sevilla\"]}]}<\/script>\n<!-- \/ Yoast SEO plugin. -->","yoast_head_json":{"title":"Ventajas y oportunidades - Zona Franca Sevilla","robots":{"index":"index","follow":"follow","max-snippet":"max-snippet:-1","max-image-preview":"max-image-preview:large","max-video-preview":"max-video-preview:-1"},"canonical":"https:\/\/sevillazonafranca.com\/index.php\/25577-2\/","og_locale":"es_ES","og_type":"article","og_title":"Ventajas y oportunidades - Zona Franca Sevilla","og_description":"Da el primer paso y ac\u00e9rcate a la Zona Franca de Sevilla cumplimentando la Carta de Compromiso para ser operador en nuestro espacio sin fronteras: el espacio donde la competitividad se convierte en oportunidad.","og_url":"https:\/\/sevillazonafranca.com\/index.php\/25577-2\/","og_site_name":"Zona Franca Sevilla","article_modified_time":"2026-01-06T23:47:27+00:00","og_image":[{"width":800,"height":800,"url":"https:\/\/sevillazonafranca.com\/wp-content\/uploads\/2025\/05\/zonafranca-thumb.jpg","type":"image\/jpeg"}],"twitter_card":"summary_large_image","twitter_site":"@SevillaZF","schema":{"@context":"https:\/\/schema.org","@graph":[{"@type":"WebPage","@id":"https:\/\/sevillazonafranca.com\/index.php\/25577-2\/","url":"https:\/\/sevillazonafranca.com\/index.php\/25577-2\/","name":"Ventajas y oportunidades - Zona Franca Sevilla","isPartOf":{"@id":"https:\/\/sevillazonafranca.com\/#website"},"datePublished":"2026-01-06T23:43:39+00:00","dateModified":"2026-01-06T23:47:27+00:00","breadcrumb":{"@id":"https:\/\/sevillazonafranca.com\/index.php\/25577-2\/#breadcrumb"},"inLanguage":"es","potentialAction":[{"@type":"ReadAction","target":["https:\/\/sevillazonafranca.com\/index.php\/25577-2\/"]}]},{"@type":"BreadcrumbList","@id":"https:\/\/sevillazonafranca.com\/index.php\/25577-2\/#breadcrumb","itemListElement":[{"@type":"ListItem","position":1,"name":"Portada","item":"https:\/\/sevillazonafranca.com\/"},{"@type":"ListItem","position":2,"name":"Ventajas y oportunidades"}]},{"@type":"WebSite","@id":"https:\/\/sevillazonafranca.com\/#website","url":"https:\/\/sevillazonafranca.com\/","name":"Zona Franca Sevilla","description":"Web oficial de la Zona Franca de Sevilla. Impulsamos el desarrollo industrial y econ\u00f3mico de Sevilla y su territorio metropolitano.","publisher":{"@id":"https:\/\/sevillazonafranca.com\/#organization"},"potentialAction":[{"@type":"SearchAction","target":{"@type":"EntryPoint","urlTemplate":"https:\/\/sevillazonafranca.com\/?s={search_term_string}"},"query-input":{"@type":"PropertyValueSpecification","valueRequired":true,"valueName":"search_term_string"}}],"inLanguage":"es"},{"@type":"Organization","@id":"https:\/\/sevillazonafranca.com\/#organization","name":"Zona Franca Sevilla","url":"https:\/\/sevillazonafranca.com\/","logo":{"@type":"ImageObject","inLanguage":"es","@id":"https:\/\/sevillazonafranca.com\/#\/schema\/logo\/image\/","url":"https:\/\/sevillazonafranca.com\/wp-content\/uploads\/2025\/04\/zonafrancasevilla-h-01.png","contentUrl":"https:\/\/sevillazonafranca.com\/wp-content\/uploads\/2025\/04\/zonafrancasevilla-h-01.png","width":1000,"height":239,"caption":"Zona Franca Sevilla"},"image":{"@id":"https:\/\/sevillazonafranca.com\/#\/schema\/logo\/image\/"},"sameAs":["https:\/\/x.com\/SevillaZF","https:\/\/www.instagram.com\/zonafrancasevilla\/","http:\/\/linkedin.com\/company\/zona-franca-sevilla"]}]}},"_links":{"self":[{"href":"https:\/\/sevillazonafranca.com\/index.php\/wp-json\/wp\/v2\/pages\/25577","targetHints":{"allow":["GET"]}}],"collection":[{"href":"https:\/\/sevillazonafranca.com\/index.php\/wp-json\/wp\/v2\/pages"}],"about":[{"href":"https:\/\/sevillazonafranca.com\/index.php\/wp-json\/wp\/v2\/types\/page"}],"author":[{"embeddable":true,"href":"https:\/\/sevillazonafranca.com\/index.php\/wp-json\/wp\/v2\/users\/1"}],"replies":[{"embeddable":true,"href":"https:\/\/sevillazonafranca.com\/index.php\/wp-json\/wp\/v2\/comments?post=25577"}],"version-history":[{"count":6,"href":"https:\/\/sevillazonafranca.com\/index.php\/wp-json\/wp\/v2\/pages\/25577\/revisions"}],"predecessor-version":[{"id":25603,"href":"https:\/\/sevillazonafranca.com\/index.php\/wp-json\/wp\/v2\/pages\/25577\/revisions\/25603"}],"wp:attachment":[{"href":"https:\/\/sevillazonafranca.com\/index.php\/wp-json\/wp\/v2\/media?parent=25577"}],"curies":[{"name":"wp","href":"https:\/\/api.w.org\/{rel}","templated":true}]}}